{"id":6337,"date":"2021-07-27T13:31:25","date_gmt":"2021-07-27T11:31:25","guid":{"rendered":"https:\/\/sortland-havn.no\/harbor-services\/"},"modified":"2022-07-29T10:27:56","modified_gmt":"2022-07-29T08:27:56","slug":"harbor-services","status":"publish","type":"page","link":"https:\/\/sortland-havn.no\/en\/harbor-services\/","title":{"rendered":"Harbor services"},"content":{"rendered":"\t\t<div data-elementor-type=\"wp-page\" data-elementor-id=\"6337\" class=\"elementor elementor-6337 elementor-1330\" data-elementor-post-type=\"page\">\n\t\t\t\t\t\t<section class=\"elementor-section elementor-top-section elementor-element elementor-element-06a55d1 elementor-section-boxed elementor-section-height-default elementor-section-height-default\" data-id=\"06a55d1\" data-element_type=\"section\" data-e-type=\"section\">\n\t\t\t\t\t\t<div class=\"elementor-container elementor-column-gap-default\">\n\t\t\t\t\t<div class=\"elementor-column elementor-col-20 elementor-top-column elementor-element elementor-element-68af548\" data-id=\"68af548\" data-element_type=\"column\" data-e-type=\"column\">\n\t\t\t<div class=\"elementor-widget-wrap elementor-element-populated\">\n\t\t\t\t\t\t<div class=\"elementor-element elementor-element-98df3f7 elementor-widget elementor-widget-image\" data-id=\"98df3f7\" data-element_type=\"widget\" data-e-type=\"widget\" data-widget_type=\"image.default\">\n\t\t\t\t<div class=\"elementor-widget-container\">\n\t\t\t\t\t\t\t\t\t\t\t\t\t\t\t<img decoding=\"async\" width=\"64\" height=\"64\" data-src=\"https:\/\/sortland-havn.no\/wp-content\/uploads\/2021\/07\/Fortoyning-ikon.png\" class=\"attachment-large size-large wp-image-6163 lazyload\" alt=\"\" src=\"data:image\/svg+xml;base64,PHN2ZyB3aWR0aD0iMSIgaGVpZ2h0PSIxIiB4bWxucz0iaHR0cDovL3d3dy53My5vcmcvMjAwMC9zdmciPjwvc3ZnPg==\" style=\"--smush-placeholder-width: 64px; --smush-placeholder-aspect-ratio: 64\/64;\" \/>\t\t\t\t\t\t\t\t\t\t\t\t\t\t\t<\/div>\n\t\t\t\t<\/div>\n\t\t\t\t<div class=\"elementor-element elementor-element-f5f5f59 elementor-widget elementor-widget-text-editor\" data-id=\"f5f5f59\" data-element_type=\"widget\" data-e-type=\"widget\" data-widget_type=\"text-editor.default\">\n\t\t\t\t<div class=\"elementor-widget-container\">\n\t\t\t\t\t\t\t\t\t<p>Fort\u00f8yning<\/p>\t\t\t\t\t\t\t\t<\/div>\n\t\t\t\t<\/div>\n\t\t\t\t\t<\/div>\n\t\t<\/div>\n\t\t\t\t<div class=\"elementor-column elementor-col-20 elementor-top-column elementor-element elementor-element-5a4b466\" data-id=\"5a4b466\" data-element_type=\"column\" data-e-type=\"column\">\n\t\t\t<div class=\"elementor-widget-wrap elementor-element-populated\">\n\t\t\t\t\t\t<div class=\"elementor-element elementor-element-41c6eba elementor-widget elementor-widget-image\" data-id=\"41c6eba\" data-element_type=\"widget\" data-e-type=\"widget\" data-widget_type=\"image.default\">\n\t\t\t\t<div class=\"elementor-widget-container\">\n\t\t\t\t\t\t\t\t\t\t\t\t\t\t\t<img decoding=\"async\" width=\"64\" height=\"64\" data-src=\"https:\/\/sortland-havn.no\/wp-content\/uploads\/2021\/07\/forsyning-ikon.png\" class=\"attachment-large size-large wp-image-6162 lazyload\" alt=\"\" src=\"data:image\/svg+xml;base64,PHN2ZyB3aWR0aD0iMSIgaGVpZ2h0PSIxIiB4bWxucz0iaHR0cDovL3d3dy53My5vcmcvMjAwMC9zdmciPjwvc3ZnPg==\" style=\"--smush-placeholder-width: 64px; --smush-placeholder-aspect-ratio: 64\/64;\" \/>\t\t\t\t\t\t\t\t\t\t\t\t\t\t\t<\/div>\n\t\t\t\t<\/div>\n\t\t\t\t<div class=\"elementor-element elementor-element-14ef3e4 elementor-widget elementor-widget-text-editor\" data-id=\"14ef3e4\" data-element_type=\"widget\" data-e-type=\"widget\" data-widget_type=\"text-editor.default\">\n\t\t\t\t<div class=\"elementor-widget-container\">\n\t\t\t\t\t\t\t\t\t<p>Forsyning<\/p>\t\t\t\t\t\t\t\t<\/div>\n\t\t\t\t<\/div>\n\t\t\t\t\t<\/div>\n\t\t<\/div>\n\t\t\t\t<div class=\"elementor-column elementor-col-20 elementor-top-column elementor-element elementor-element-3e11f81\" data-id=\"3e11f81\" data-element_type=\"column\" data-e-type=\"column\">\n\t\t\t<div class=\"elementor-widget-wrap elementor-element-populated\">\n\t\t\t\t\t\t<div class=\"elementor-element elementor-element-3faba62 elementor-widget elementor-widget-image\" data-id=\"3faba62\" data-element_type=\"widget\" data-e-type=\"widget\" data-widget_type=\"image.default\">\n\t\t\t\t<div class=\"elementor-widget-container\">\n\t\t\t\t\t\t\t\t\t\t\t\t\t\t\t<img decoding=\"async\" width=\"64\" height=\"64\" data-src=\"https:\/\/sortland-havn.no\/wp-content\/uploads\/2021\/07\/avfall-ikon.png\" class=\"attachment-large size-large wp-image-6161 lazyload\" alt=\"\" src=\"data:image\/svg+xml;base64,PHN2ZyB3aWR0aD0iMSIgaGVpZ2h0PSIxIiB4bWxucz0iaHR0cDovL3d3dy53My5vcmcvMjAwMC9zdmciPjwvc3ZnPg==\" style=\"--smush-placeholder-width: 64px; --smush-placeholder-aspect-ratio: 64\/64;\" \/>\t\t\t\t\t\t\t\t\t\t\t\t\t\t\t<\/div>\n\t\t\t\t<\/div>\n\t\t\t\t<div class=\"elementor-element elementor-element-34377a3 elementor-widget elementor-widget-text-editor\" data-id=\"34377a3\" data-element_type=\"widget\" data-e-type=\"widget\" data-widget_type=\"text-editor.default\">\n\t\t\t\t<div class=\"elementor-widget-container\">\n\t\t\t\t\t\t\t\t\t<p>Avfallsh\u00e5ndtering<\/p>\t\t\t\t\t\t\t\t<\/div>\n\t\t\t\t<\/div>\n\t\t\t\t\t<\/div>\n\t\t<\/div>\n\t\t\t\t<div class=\"elementor-column elementor-col-20 elementor-top-column elementor-element elementor-element-5372c07\" data-id=\"5372c07\" data-element_type=\"column\" data-e-type=\"column\">\n\t\t\t<div class=\"elementor-widget-wrap elementor-element-populated\">\n\t\t\t\t\t\t<div class=\"elementor-element elementor-element-cfca706 elementor-widget elementor-widget-image\" data-id=\"cfca706\" data-element_type=\"widget\" data-e-type=\"widget\" data-widget_type=\"image.default\">\n\t\t\t\t<div class=\"elementor-widget-container\">\n\t\t\t\t\t\t\t\t\t\t\t\t\t\t\t<img decoding=\"async\" width=\"64\" height=\"64\" data-src=\"https:\/\/sortland-havn.no\/wp-content\/uploads\/2021\/07\/bunkre-ikon.png\" class=\"attachment-large size-large wp-image-6165 lazyload\" alt=\"\" src=\"data:image\/svg+xml;base64,PHN2ZyB3aWR0aD0iMSIgaGVpZ2h0PSIxIiB4bWxucz0iaHR0cDovL3d3dy53My5vcmcvMjAwMC9zdmciPjwvc3ZnPg==\" style=\"--smush-placeholder-width: 64px; --smush-placeholder-aspect-ratio: 64\/64;\" \/>\t\t\t\t\t\t\t\t\t\t\t\t\t\t\t<\/div>\n\t\t\t\t<\/div>\n\t\t\t\t<div class=\"elementor-element elementor-element-790fc6c elementor-widget elementor-widget-text-editor\" data-id=\"790fc6c\" data-element_type=\"widget\" data-e-type=\"widget\" data-widget_type=\"text-editor.default\">\n\t\t\t\t<div class=\"elementor-widget-container\">\n\t\t\t\t\t\t\t\t\t<p>Bunkere<\/p>\t\t\t\t\t\t\t\t<\/div>\n\t\t\t\t<\/div>\n\t\t\t\t\t<\/div>\n\t\t<\/div>\n\t\t\t\t<div class=\"elementor-column elementor-col-20 elementor-top-column elementor-element elementor-element-f40a012\" data-id=\"f40a012\" data-element_type=\"column\" data-e-type=\"column\">\n\t\t\t<div class=\"elementor-widget-wrap elementor-element-populated\">\n\t\t\t\t\t\t<div class=\"elementor-element elementor-element-289ddbc elementor-widget elementor-widget-image\" data-id=\"289ddbc\" data-element_type=\"widget\" data-e-type=\"widget\" data-widget_type=\"image.default\">\n\t\t\t\t<div class=\"elementor-widget-container\">\n\t\t\t\t\t\t\t\t\t\t\t\t\t\t\t<img decoding=\"async\" width=\"64\" height=\"64\" data-src=\"https:\/\/sortland-havn.no\/wp-content\/uploads\/2021\/07\/kran-ikon.png\" class=\"attachment-large size-large wp-image-6164 lazyload\" alt=\"\" src=\"data:image\/svg+xml;base64,PHN2ZyB3aWR0aD0iMSIgaGVpZ2h0PSIxIiB4bWxucz0iaHR0cDovL3d3dy53My5vcmcvMjAwMC9zdmciPjwvc3ZnPg==\" style=\"--smush-placeholder-width: 64px; --smush-placeholder-aspect-ratio: 64\/64;\" \/>\t\t\t\t\t\t\t\t\t\t\t\t\t\t\t<\/div>\n\t\t\t\t<\/div>\n\t\t\t\t<div class=\"elementor-element elementor-element-4ba5e63 elementor-widget elementor-widget-text-editor\" data-id=\"4ba5e63\" data-element_type=\"widget\" data-e-type=\"widget\" data-widget_type=\"text-editor.default\">\n\t\t\t\t<div class=\"elementor-widget-container\">\n\t\t\t\t\t\t\t\t\t<p>Mobilkran<\/p>\t\t\t\t\t\t\t\t<\/div>\n\t\t\t\t<\/div>\n\t\t\t\t\t<\/div>\n\t\t<\/div>\n\t\t\t\t\t<\/div>\n\t\t<\/section>\n\t\t\t\t<section class=\"elementor-section elementor-top-section elementor-element elementor-element-ffa0b63 elementor-section-boxed elementor-section-height-default elementor-section-height-default\" data-id=\"ffa0b63\" data-element_type=\"section\" data-e-type=\"section\">\n\t\t\t\t\t\t<div class=\"elementor-container elementor-column-gap-default\">\n\t\t\t\t\t<div class=\"elementor-column elementor-col-100 elementor-top-column elementor-element elementor-element-c364332\" data-id=\"c364332\" data-element_type=\"column\" data-e-type=\"column\">\n\t\t\t<div class=\"elementor-widget-wrap elementor-element-populated\">\n\t\t\t\t\t\t<div class=\"elementor-element elementor-element-494542e elementor-widget elementor-widget-text-editor\" data-id=\"494542e\" data-element_type=\"widget\" data-e-type=\"widget\" data-widget_type=\"text-editor.default\">\n\t\t\t\t<div class=\"elementor-widget-container\">\n\t\t\t\t\t\t\t\t\t<p>Hos Sortland Havn kan du bestille fort\u00f8yning, forsyning av vann og str\u00f8m, avfallsh\u00e5ndtering, bunkers, mobilkraner og andre maritime tjenester relatert til b\u00e5de radio, elektronikk, hydraulikk, mekanikk, pneumatikk mm.<\/p><p><strong>Ta kontakt med havnevakta for bestilling eller informasjon:<\/strong><\/p><p>Tlf: <a href=\"tel:75577100\">75 57 71 00<\/a><\/p><p>E-post: <a href=\"mailto:havnekontoret@sortland-havn.no\">havnekontoret@sortland-havn.no<\/a><\/p><p>VHF-kanal 12 \u2013 (16) (kl. 08.00-15.30)<\/p><p>Etter kontortid kl.15.30 og i helgene: Tlf. <a href=\"tel:75577100\">75 57 71 00<\/a> \u2013 velg havnevakten i menyen.<\/p>\t\t\t\t\t\t\t\t<\/div>\n\t\t\t\t<\/div>\n\t\t\t\t\t<\/div>\n\t\t<\/div>\n\t\t\t\t\t<\/div>\n\t\t<\/section>\n\t\t\t\t<\/div>\n\t\t","protected":false},"excerpt":{"rendered":"","protected":false},"author":2,"featured_media":0,"parent":0,"menu_order":0,"comment_status":"closed","ping_status":"closed","template":"","meta":{"_acf_changed":false,"footnotes":""},"class_list":["post-6337","page","type-page","status-publish","hentry","entry"],"acf":[],"yoast_head":"<!-- This site is optimized with the Yoast SEO plugin v26.9 - https:\/\/yoast.com\/product\/yoast-seo-wordpress\/ -->\n<title>Harbor services | Sortland Havn KF<\/title>\n<meta name=\"description\" content=\"While at Sortland Harbor, you can order mooring, supply of water and electricity, waste management, fuel storage, mobile cranes and other maritime services.\" \/>\n<meta name=\"robots\" content=\"index, follow, max-snippet:-1, max-image-preview:large, max-video-preview:-1\" \/>\n<link rel=\"canonical\" href=\"https:\/\/sortland-havn.no\/en\/harbor-services\/\" \/>\n<meta property=\"og:locale\" content=\"en_US\" \/>\n<meta property=\"og:type\" content=\"article\" \/>\n<meta property=\"og:title\" content=\"Harbor services | Sortland Havn KF\" \/>\n<meta property=\"og:description\" content=\"While at Sortland Harbor, you can order mooring, supply of water and electricity, waste management, fuel storage, mobile cranes and other maritime services.\" \/>\n<meta property=\"og:url\" content=\"https:\/\/sortland-havn.no\/en\/harbor-services\/\" \/>\n<meta property=\"og:site_name\" content=\"Sortland Havn KF\" \/>\n<meta property=\"article:modified_time\" content=\"2022-07-29T08:27:56+00:00\" \/>\n<meta property=\"og:image\" content=\"https:\/\/sortland-havn.no\/wp-content\/uploads\/2021\/11\/Standard_look-20.jpg\" \/>\n\t<meta property=\"og:image:width\" content=\"1920\" \/>\n\t<meta property=\"og:image:height\" content=\"1280\" \/>\n\t<meta property=\"og:image:type\" content=\"image\/jpeg\" \/>\n<meta name=\"twitter:card\" content=\"summary_large_image\" \/>\n<script type=\"application\/ld+json\" class=\"yoast-schema-graph\">{\"@context\":\"https:\/\/schema.org\",\"@graph\":[{\"@type\":\"WebPage\",\"@id\":\"https:\/\/sortland-havn.no\/en\/harbor-services\/\",\"url\":\"https:\/\/sortland-havn.no\/en\/harbor-services\/\",\"name\":\"Harbor services | Sortland Havn KF\",\"isPartOf\":{\"@id\":\"https:\/\/sortland-havn.no\/#website\"},\"datePublished\":\"2021-07-27T11:31:25+00:00\",\"dateModified\":\"2022-07-29T08:27:56+00:00\",\"description\":\"While at Sortland Harbor, you can order mooring, supply of water and electricity, waste management, fuel storage, mobile cranes and other maritime services.\",\"breadcrumb\":{\"@id\":\"https:\/\/sortland-havn.no\/en\/harbor-services\/#breadcrumb\"},\"inLanguage\":\"en-US\",\"potentialAction\":[{\"@type\":\"ReadAction\",\"target\":[\"https:\/\/sortland-havn.no\/en\/harbor-services\/\"]}]},{\"@type\":\"BreadcrumbList\",\"@id\":\"https:\/\/sortland-havn.no\/en\/harbor-services\/#breadcrumb\",\"itemListElement\":[{\"@type\":\"ListItem\",\"position\":1,\"name\":\"Home\",\"item\":\"https:\/\/sortland-havn.no\/en\/\"},{\"@type\":\"ListItem\",\"position\":2,\"name\":\"Harbor services\"}]},{\"@type\":\"WebSite\",\"@id\":\"https:\/\/sortland-havn.no\/#website\",\"url\":\"https:\/\/sortland-havn.no\/\",\"name\":\"Sortland Havn KF\",\"description\":\"\",\"publisher\":{\"@id\":\"https:\/\/sortland-havn.no\/#organization\"},\"potentialAction\":[{\"@type\":\"SearchAction\",\"target\":{\"@type\":\"EntryPoint\",\"urlTemplate\":\"https:\/\/sortland-havn.no\/?s={search_term_string}\"},\"query-input\":{\"@type\":\"PropertyValueSpecification\",\"valueRequired\":true,\"valueName\":\"search_term_string\"}}],\"inLanguage\":\"en-US\"},{\"@type\":\"Organization\",\"@id\":\"https:\/\/sortland-havn.no\/#organization\",\"name\":\"Sortland Havn KF\",\"url\":\"https:\/\/sortland-havn.no\/\",\"logo\":{\"@type\":\"ImageObject\",\"inLanguage\":\"en-US\",\"@id\":\"https:\/\/sortland-havn.no\/#\/schema\/logo\/image\/\",\"url\":\"https:\/\/sortland-havn.no\/wp-content\/uploads\/2019\/11\/cropped-Sortland-Havn-logo-1.png\",\"contentUrl\":\"https:\/\/sortland-havn.no\/wp-content\/uploads\/2019\/11\/cropped-Sortland-Havn-logo-1.png\",\"width\":300,\"height\":67,\"caption\":\"Sortland Havn KF\"},\"image\":{\"@id\":\"https:\/\/sortland-havn.no\/#\/schema\/logo\/image\/\"}}]}<\/script>\n<!-- \/ Yoast SEO plugin. -->","yoast_head_json":{"title":"Harbor services | Sortland Havn KF","description":"While at Sortland Harbor, you can order mooring, supply of water and electricity, waste management, fuel storage, mobile cranes and other maritime services.","robots":{"index":"index","follow":"follow","max-snippet":"max-snippet:-1","max-image-preview":"max-image-preview:large","max-video-preview":"max-video-preview:-1"},"canonical":"https:\/\/sortland-havn.no\/en\/harbor-services\/","og_locale":"en_US","og_type":"article","og_title":"Harbor services | Sortland Havn KF","og_description":"While at Sortland Harbor, you can order mooring, supply of water and electricity, waste management, fuel storage, mobile cranes and other maritime services.","og_url":"https:\/\/sortland-havn.no\/en\/harbor-services\/","og_site_name":"Sortland Havn KF","article_modified_time":"2022-07-29T08:27:56+00:00","og_image":[{"width":1920,"height":1280,"url":"https:\/\/sortland-havn.no\/wp-content\/uploads\/2021\/11\/Standard_look-20.jpg","type":"image\/jpeg"}],"twitter_card":"summary_large_image","schema":{"@context":"https:\/\/schema.org","@graph":[{"@type":"WebPage","@id":"https:\/\/sortland-havn.no\/en\/harbor-services\/","url":"https:\/\/sortland-havn.no\/en\/harbor-services\/","name":"Harbor services | Sortland Havn KF","isPartOf":{"@id":"https:\/\/sortland-havn.no\/#website"},"datePublished":"2021-07-27T11:31:25+00:00","dateModified":"2022-07-29T08:27:56+00:00","description":"While at Sortland Harbor, you can order mooring, supply of water and electricity, waste management, fuel storage, mobile cranes and other maritime services.","breadcrumb":{"@id":"https:\/\/sortland-havn.no\/en\/harbor-services\/#breadcrumb"},"inLanguage":"en-US","potentialAction":[{"@type":"ReadAction","target":["https:\/\/sortland-havn.no\/en\/harbor-services\/"]}]},{"@type":"BreadcrumbList","@id":"https:\/\/sortland-havn.no\/en\/harbor-services\/#breadcrumb","itemListElement":[{"@type":"ListItem","position":1,"name":"Home","item":"https:\/\/sortland-havn.no\/en\/"},{"@type":"ListItem","position":2,"name":"Harbor services"}]},{"@type":"WebSite","@id":"https:\/\/sortland-havn.no\/#website","url":"https:\/\/sortland-havn.no\/","name":"Sortland Havn KF","description":"","publisher":{"@id":"https:\/\/sortland-havn.no\/#organization"},"potentialAction":[{"@type":"SearchAction","target":{"@type":"EntryPoint","urlTemplate":"https:\/\/sortland-havn.no\/?s={search_term_string}"},"query-input":{"@type":"PropertyValueSpecification","valueRequired":true,"valueName":"search_term_string"}}],"inLanguage":"en-US"},{"@type":"Organization","@id":"https:\/\/sortland-havn.no\/#organization","name":"Sortland Havn KF","url":"https:\/\/sortland-havn.no\/","logo":{"@type":"ImageObject","inLanguage":"en-US","@id":"https:\/\/sortland-havn.no\/#\/schema\/logo\/image\/","url":"https:\/\/sortland-havn.no\/wp-content\/uploads\/2019\/11\/cropped-Sortland-Havn-logo-1.png","contentUrl":"https:\/\/sortland-havn.no\/wp-content\/uploads\/2019\/11\/cropped-Sortland-Havn-logo-1.png","width":300,"height":67,"caption":"Sortland Havn KF"},"image":{"@id":"https:\/\/sortland-havn.no\/#\/schema\/logo\/image\/"}}]}},"_links":{"self":[{"href":"https:\/\/sortland-havn.no\/en\/wp-json\/wp\/v2\/pages\/6337","targetHints":{"allow":["GET"]}}],"collection":[{"href":"https:\/\/sortland-havn.no\/en\/wp-json\/wp\/v2\/pages"}],"about":[{"href":"https:\/\/sortland-havn.no\/en\/wp-json\/wp\/v2\/types\/page"}],"author":[{"embeddable":true,"href":"https:\/\/sortland-havn.no\/en\/wp-json\/wp\/v2\/users\/2"}],"replies":[{"embeddable":true,"href":"https:\/\/sortland-havn.no\/en\/wp-json\/wp\/v2\/comments?post=6337"}],"version-history":[{"count":0,"href":"https:\/\/sortland-havn.no\/en\/wp-json\/wp\/v2\/pages\/6337\/revisions"}],"wp:attachment":[{"href":"https:\/\/sortland-havn.no\/en\/wp-json\/wp\/v2\/media?parent=6337"}],"curies":[{"name":"wp","href":"https:\/\/api.w.org\/{rel}","templated":true}]}}